{"id":95,"date":"2020-11-03T18:20:01","date_gmt":"2020-11-03T17:20:01","guid":{"rendered":"https:\/\/wp-test.cro-digital.com\/?product=import-placeholder-for-15720"},"modified":"2020-11-03T18:22:36","modified_gmt":"2020-11-03T17:22:36","slug":"jane-bamboo-set-za-jelo-organic","status":"publish","type":"product","link":"https:\/\/wp-test.cro-digital.com\/?product=jane-bamboo-set-za-jelo-organic","title":{"rendered":"Jane Bamboo set za jelo &#8211; Organic"},"content":{"rendered":"<p>Jane set za jelo na\u010dinjen od organskog bambusa ekolo\u0161ki je prihvatljiv za vas, za okoli\u0161 i za va\u0161e mali\u0161ane! Simpati\u010dan set posu\u0111a sastoji se od 5 dijelova, a uklju\u010duje zdjelicu, tanjur, \u010da\u0161u, te \u017elicu i vilicu. Set za jelo od bambusa dolazi u prekrasnom eko pakiranju i bit \u0107e idealan poklon za mali\u0161ane.<\/p>\n<ul>\n<li>Izra\u0111en od organskog bambusa<\/li>\n<li>Uklju\u010duje: zdjelicu, tanjur, \u010da\u0161u, \u017elicu i vilicu<\/li>\n<li>Mogu ga koristiti djeca starija od 4 mjeseca<\/li>\n<li>Set je periv u perilici posu\u0111a i mo\u017ee se koristiti u mikrovalnoj pe\u0107nici<\/li>\n<li>100% siguran za kori\u0161tenje \u2013 organski proizvod<\/li>\n<li>Materijal visoke kvalitete<\/li>\n<li>Ne sar\u017ei: BPA, pvc, folfate, olovo<\/li>\n<\/ul>\n","protected":false},"excerpt":{"rendered":"<p>Jane set za jelo na\u010dinjen od organskog bambusa ekolo\u0161ki je prihvatljiv za vas, za okoli\u0161 i za va\u0161e mali\u0161ane!<\/p>\n","protected":false},"featured_media":210,"comment_status":"closed","ping_status":"closed","template":"","meta":[],"_links":{"self":[{"href":"https:\/\/wp-test.cro-digital.com\/index.php?rest_route=\/wp\/v2\/product\/95"}],"collection":[{"href":"https:\/\/wp-test.cro-digital.com\/index.php?rest_route=\/wp\/v2\/product"}],"about":[{"href":"https:\/\/wp-test.cro-digital.com\/index.php?rest_route=\/wp\/v2\/types\/product"}],"replies":[{"embeddable":true,"href":"https:\/\/wp-test.cro-digital.com\/index.php?rest_route=%2Fwp%2Fv2%2Fcomments&post=95"}],"wp:featuredmedia":[{"embeddable":true,"href":"https:\/\/wp-test.cro-digital.com\/index.php?rest_route=\/wp\/v2\/media\/210"}],"wp:attachment":[{"href":"https:\/\/wp-test.cro-digital.com\/index.php?rest_route=%2Fwp%2Fv2%2Fmedia&parent=95"}],"curies":[{"name":"wp","href":"https:\/\/api.w.org\/{rel}","templated":true}]}}