{"id":96,"date":"2020-11-03T18:20:01","date_gmt":"2020-11-03T17:20:01","guid":{"rendered":"https:\/\/wp-test.cro-digital.com\/?product=import-placeholder-for-15839"},"modified":"2020-11-03T18:22:37","modified_gmt":"2020-11-03T17:22:37","slug":"jane-plasticna-termo-posuda-za-hranu-holi","status":"publish","type":"product","link":"https:\/\/wp-test.cro-digital.com\/?product=jane-plasticna-termo-posuda-za-hranu-holi","title":{"rendered":"Jan\u00e9 plasti\u010dna termo posuda za hranu &#8211; Holi"},"content":{"rendered":"<p>U plasti\u010dnu termo posudu modernog dizajna mo\u017eete spremiti krutu hranu za va\u0161eg mali\u0161ana. Ona \u0107e se pobrinuti da hrana va\u0161ega mali\u0161ana ostane topla ili hladna i do 4 sata! Prakti\u010dna termosica pomo\u0107i \u0107e vam br\u017ee pripremiti djetetov obrok bilo kad i bilo gdje, a posebno \u0107e biti od pomo\u0107i na putovanjima.<\/p>\n<ul>\n<li>Pogodno za djecu od 4+ mjeseci<\/li>\n<li>Predvi\u0111eno za \u010duvanje krute hrane<\/li>\n<li>Hranu zadr\u017eava toplom ili hladnom zahvaljuju\u0107i dvostrukoj izolaciji<\/li>\n<li><strong>Odr\u017eava temperaturu hrane do 4 sata<\/strong><\/li>\n<li>Mo\u017ee se prati u perilici posu\u0111a<\/li>\n<li><strong>Mo\u017ee se koristiti u mikrovalnoj pe\u0107nici i u zamrziva\u010du<\/strong><\/li>\n<li>Lagana, prakti\u010dna i sigurna termo posuda; idealna za upotrebu kod ku\u0107e, ali i vani<\/li>\n<li>Nepropusni poklopac<\/li>\n<li><strong>Kapacitet:<\/strong> 550 ml<\/li>\n<li>Dimenzije proizvoda: 12 x 13 cm<\/li>\n<li>Materijal: plastika<\/li>\n<li data-removefontsize=\"true\" data-originalcomputedfontsize=\"16\">100% siguran proizvod<\/li>\n<li data-removefontsize=\"true\" data-originalcomputedfontsize=\"16\">Ne sadr\u017ei: BPA, pvc, folfate, olovo<\/li>\n<li>Ukra\u0161ena netoksi\u010dnim bojama<\/li>\n<\/ul>\n","protected":false},"excerpt":{"rendered":"<p>U plasti\u010dne termo posude veselih boja mo\u017eete spremiti krutu hranu za va\u0161eg mali\u0161ana.<\/p>\n","protected":false},"featured_media":212,"comment_status":"closed","ping_status":"closed","template":"","meta":[],"_links":{"self":[{"href":"https:\/\/wp-test.cro-digital.com\/index.php?rest_route=\/wp\/v2\/product\/96"}],"collection":[{"href":"https:\/\/wp-test.cro-digital.com\/index.php?rest_route=\/wp\/v2\/product"}],"about":[{"href":"https:\/\/wp-test.cro-digital.com\/index.php?rest_route=\/wp\/v2\/types\/product"}],"replies":[{"embeddable":true,"href":"https:\/\/wp-test.cro-digital.com\/index.php?rest_route=%2Fwp%2Fv2%2Fcomments&post=96"}],"wp:featuredmedia":[{"embeddable":true,"href":"https:\/\/wp-test.cro-digital.com\/index.php?rest_route=\/wp\/v2\/media\/212"}],"wp:attachment":[{"href":"https:\/\/wp-test.cro-digital.com\/index.php?rest_route=%2Fwp%2Fv2%2Fmedia&parent=96"}],"curies":[{"name":"wp","href":"https:\/\/api.w.org\/{rel}","templated":true}]}}