{"id":97,"date":"2020-11-03T18:20:01","date_gmt":"2020-11-03T17:20:01","guid":{"rendered":"https:\/\/wp-test.cro-digital.com\/?product=import-placeholder-for-15847"},"modified":"2020-11-03T18:22:40","modified_gmt":"2020-11-03T17:22:40","slug":"jane-termosica-organic","status":"publish","type":"product","link":"https:\/\/wp-test.cro-digital.com\/?product=jane-termosica-organic","title":{"rendered":"Jane termosica &#8211; Organic"},"content":{"rendered":"<p>Termos boca od ekolo\u0161ki privatljivog nehr\u0111aju\u0107eg \u010delika idealna je za teku\u0107ine, a odr\u017eava temperaturu do 8 sati. Prakti\u010dna termosica ukra\u0161ena netoksi\u010dnim bojama sadr\u017ei visoku izolaciju zahvaljuju\u0107i dvoslojnoj za\u0161titi od nehr\u0111aju\u0107eg \u010delika. Hermeti\u010dki se zatvara, pa nema brige ni zbog izlijevanja, a njen poklopac mo\u017ee se koristiti kao \u0161alica. Prekrasna termosica Organic elegantnog dizajna pomo\u0107i \u0107e vam br\u017ee pripremiti djetetovu bo\u010dicu bilo kad i bilo gdje, a posebno \u0107e biti od pomo\u0107i na putovanjima.<\/p>\n<ul>\n<li>Termosica od nehr\u0111aju\u0107eg \u010delika s vrhunskom izolacijom<\/li>\n<li>Odr\u017eava temperaturu do 8 sati<\/li>\n<li>Hermeti\u010dki se zatvara<\/li>\n<li>Poklopac se mo\u017ee koristiti kao \u0161alica<\/li>\n<li>Kapacitet: 500 ml<\/li>\n<li>Dimenzije: 7 \u00d7 26 cm<\/li>\n<li data-removefontsize=\"true\" data-originalcomputedfontsize=\"16\">100% siguran proizvod<\/li>\n<li>Ukra\u0161ena netoksi\u010dnim bojama<\/li>\n<li data-removefontsize=\"true\" data-originalcomputedfontsize=\"16\">Ne sadr\u017ei: BPA, pvc, folfate, olovo<\/li>\n<\/ul>\n","protected":false},"excerpt":{"rendered":"<p>Termos boca od ekolo\u0161ki privatljivog nehr\u0111aju\u0107eg \u010delika idealna je za teku\u0107ine, a odr\u017eava temperaturu do 8 sati.<\/p>\n","protected":false},"featured_media":213,"comment_status":"closed","ping_status":"closed","template":"","meta":[],"_links":{"self":[{"href":"https:\/\/wp-test.cro-digital.com\/index.php?rest_route=\/wp\/v2\/product\/97"}],"collection":[{"href":"https:\/\/wp-test.cro-digital.com\/index.php?rest_route=\/wp\/v2\/product"}],"about":[{"href":"https:\/\/wp-test.cro-digital.com\/index.php?rest_route=\/wp\/v2\/types\/product"}],"replies":[{"embeddable":true,"href":"https:\/\/wp-test.cro-digital.com\/index.php?rest_route=%2Fwp%2Fv2%2Fcomments&post=97"}],"wp:featuredmedia":[{"embeddable":true,"href":"https:\/\/wp-test.cro-digital.com\/index.php?rest_route=\/wp\/v2\/media\/213"}],"wp:attachment":[{"href":"https:\/\/wp-test.cro-digital.com\/index.php?rest_route=%2Fwp%2Fv2%2Fmedia&parent=97"}],"curies":[{"name":"wp","href":"https:\/\/api.w.org\/{rel}","templated":true}]}}